{"id":960,"date":"2020-09-15T09:51:01","date_gmt":"2020-09-15T15:51:01","guid":{"rendered":"http:\/\/grupoenergycas.com\/index.php\/home\/"},"modified":"2023-10-26T13:30:45","modified_gmt":"2023-10-26T19:30:45","slug":"inicio","status":"publish","type":"page","link":"https:\/\/grupoenergycas.com\/","title":{"rendered":"Inicio"},"content":{"rendered":"\n<div class=\"wp-block-uagb-container uagb-block-b4bdb975 alignfull uagb-is-root-container\"><div class=\"uagb-container-inner-blocks-wrap\">\n<p><\/p>\n\n\n\n<div class=\"wp-block-uagb-info-box uagb-block-3b7e0e21 uagb-infobox__content-wrap  uagb-infobox-icon-above-title uagb-infobox-image-valign-top\"><div class=\"uagb-ifb-content\"><div class=\"uagb-ifb-title-wrap\"><h1 class=\"uagb-ifb-title\">GRUPO ENERGY CAS\u200b<\/h1><\/div><\/div><\/div>\n\n\n\n<p class=\"has-text-align-center\"><mark style=\"background-color:rgba(0, 0, 0, 0)\" class=\"has-inline-color has-ast-global-color-4-color\">Empresa l\u00edder en producci\u00f3n de postes de madera curados y con la mejor garant\u00eda en honduras.<\/mark><\/p>\n<\/div><\/div>\n\n\n\n<div class=\"wp-block-uagb-container uagb-block-872b8b7f alignfull uagb-is-root-container\"><div class=\"uagb-container-inner-blocks-wrap\">\n<div class=\"wp-block-uagb-info-box uagb-block-04f073f9 uagb-infobox__content-wrap  uagb-infobox-icon-above-title uagb-infobox-image-valign-top\"><div class=\"uagb-ifb-content\"><div class=\"uagb-ifb-title-wrap\"><span class=\"uagb-ifb-title-prefix\">Acerca de nosotros\u200b<\/span><h2 class=\"uagb-ifb-title\">Somos una empresa legalmente constituida en Honduras, enfocada en la producci\u00f3n y comercio de materiales el\u00e9ctricos de alta calidad.\u200b<\/h2><\/div><\/div><\/div>\n<\/div><\/div>\n\n\n\n<figure class=\"wp-block-gallery alignwide has-nested-images columns-default is-cropped wp-block-gallery-1 is-layout-flex wp-block-gallery-is-layout-flex\">\n<figure class=\"wp-block-image size-large\"><img decoding=\"async\" loading=\"lazy\" width=\"1024\" height=\"1024\" data-id=\"1595\" src=\"https:\/\/grupoenergycas.com\/wp-content\/uploads\/2023\/10\/1-1024x1024.jpg\" alt=\"\" class=\"wp-image-1595\" srcset=\"https:\/\/grupoenergycas.com\/wp-content\/uploads\/2023\/10\/1-1024x1024.jpg 1024w, https:\/\/grupoenergycas.com\/wp-content\/uploads\/2023\/10\/1-300x300.jpg 300w, https:\/\/grupoenergycas.com\/wp-content\/uploads\/2023\/10\/1-150x150.jpg 150w, https:\/\/grupoenergycas.com\/wp-content\/uploads\/2023\/10\/1-768x768.jpg 768w, https:\/\/grupoenergycas.com\/wp-content\/uploads\/2023\/10\/1-1536x1536.jpg 1536w, https:\/\/grupoenergycas.com\/wp-content\/uploads\/2023\/10\/1.jpg 2000w\" sizes=\"(max-width: 1024px) 100vw, 1024px\" \/><\/figure>\n\n\n\n<figure class=\"wp-block-image size-large\"><img decoding=\"async\" loading=\"lazy\" width=\"1024\" height=\"1024\" data-id=\"1597\" src=\"https:\/\/grupoenergycas.com\/wp-content\/uploads\/2023\/10\/2-1024x1024.jpg\" alt=\"\" class=\"wp-image-1597\" srcset=\"https:\/\/grupoenergycas.com\/wp-content\/uploads\/2023\/10\/2-1024x1024.jpg 1024w, https:\/\/grupoenergycas.com\/wp-content\/uploads\/2023\/10\/2-300x300.jpg 300w, https:\/\/grupoenergycas.com\/wp-content\/uploads\/2023\/10\/2-150x150.jpg 150w, https:\/\/grupoenergycas.com\/wp-content\/uploads\/2023\/10\/2-768x768.jpg 768w, https:\/\/grupoenergycas.com\/wp-content\/uploads\/2023\/10\/2-1536x1536.jpg 1536w, https:\/\/grupoenergycas.com\/wp-content\/uploads\/2023\/10\/2.jpg 2000w\" sizes=\"(max-width: 1024px) 100vw, 1024px\" \/><\/figure>\n<\/figure>\n\n\n\n<div class=\"wp-block-uagb-advanced-heading uagb-block-0913cd78\"><h5 class=\"uagb-heading-text\">\u200b<\/h5><p class=\"uagb-desc-text\">Servicios\u200b<\/p><\/div>\n\n\n\n<div class=\"wp-block-uagb-container uagb-block-9c962170 alignfull uagb-is-root-container\"><div class=\"uagb-container-inner-blocks-wrap\">\n<div class=\"wp-block-uagb-container uagb-block-f5e130be\">\n<div class=\"wp-block-uagb-container uagb-block-37209bd4\">\n<div class=\"wp-block-uagb-info-box uagb-block-57de98ed uagb-infobox__content-wrap  uagb-infobox-icon-above-title uagb-infobox-image-valign-top\"><div class=\"uagb-ifb-content\"><div class=\"uagb-ifb-image-content\"><img decoding=\"async\" src=\"http:\/\/grupoenergycas.com\/wp-content\/uploads\/2023\/10\/Proyectos-de-Electrificacion-1.jpg\" alt=\"\" width=\"380\" height=\"520\" loading=\"lazy\"\/><\/div><div class=\"uagb-ifb-title-wrap\"><h4 class=\"uagb-ifb-title\">Proyectos de Electrificaci\u00f3n<\/h4><\/div><\/div><\/div>\n<\/div>\n\n\n\n<div class=\"wp-block-uagb-container uagb-block-9002def3\">\n<div class=\"wp-block-uagb-info-box uagb-block-cf52724a uagb-infobox__content-wrap  uagb-infobox-icon-above-title uagb-infobox-image-valign-top\"><div class=\"uagb-ifb-content\"><div class=\"uagb-ifb-image-content\"><img decoding=\"async\" src=\"http:\/\/grupoenergycas.com\/wp-content\/uploads\/2023\/10\/Nuestros-Productos.jpg\" alt=\"\" width=\"380\" height=\"520\" loading=\"lazy\"\/><\/div><div class=\"uagb-ifb-title-wrap\"><h4 class=\"uagb-ifb-title\">Nuestros Productos<\/h4><\/div><\/div><\/div>\n<\/div>\n\n\n\n<div class=\"wp-block-uagb-container uagb-block-ee87b03d\">\n<div class=\"wp-block-uagb-info-box uagb-block-d1b27190 uagb-infobox__content-wrap  uagb-infobox-icon-above-title uagb-infobox-image-valign-top\"><div class=\"uagb-ifb-content\"><div class=\"uagb-ifb-image-content\"><img decoding=\"async\" src=\"http:\/\/grupoenergycas.com\/wp-content\/uploads\/2023\/10\/Nuestra-Empresa.jpg\" alt=\"\" width=\"380\" height=\"520\" loading=\"lazy\"\/><\/div><div class=\"uagb-ifb-title-wrap\"><h4 class=\"uagb-ifb-title\">Nuestra Empresa\u200b<\/h4><\/div><\/div><\/div>\n<\/div>\n<\/div>\n<\/div><\/div>\n","protected":false},"excerpt":{"rendered":"<p>Empresa l\u00edder en producci\u00f3n de postes de madera curados y con la mejor garant\u00eda en honduras. \u200b Servicios\u200b<\/p>\n","protected":false},"author":1,"featured_media":0,"parent":0,"menu_order":0,"comment_status":"closed","ping_status":"closed","template":"","meta":{"_uag_custom_page_level_css":"","site-sidebar-layout":"no-sidebar","site-content-layout":"plain-container","ast-site-content-layout":"normal-width-container","site-content-style":"unboxed","site-sidebar-style":"unboxed","ast-global-header-display":"","ast-banner-title-visibility":"","ast-main-header-display":"","ast-hfb-above-header-display":"","ast-hfb-below-header-display":"","ast-hfb-mobile-header-display":"","site-post-title":"disabled","ast-breadcrumbs-content":"","ast-featured-img":"disabled","footer-sml-layout":"","theme-transparent-header-meta":"enabled","adv-header-id-meta":"","stick-header-meta":"","header-above-stick-meta":"","header-main-stick-meta":"","header-below-stick-meta":"","astra-migrate-meta-layouts":"set","ast-page-background-enabled":"default","ast-page-background-meta":{"desktop":{"background-color":"","background-image":"","background-repeat":"repeat","background-position":"center center","background-size":"auto","background-attachment":"scroll","background-type":"","background-media":"","overlay-type":"","overlay-color":"","overlay-gradient":""},"tablet":{"background-color":"","background-image":"","background-repeat":"repeat","background-position":"center center","background-size":"auto","background-attachment":"scroll","background-type":"","background-media":"","overlay-type":"","overlay-color":"","overlay-gradient":""},"mobile":{"background-color":"","background-image":"","background-repeat":"repeat","background-position":"center center","background-size":"auto","background-attachment":"scroll","background-type":"","background-media":"","overlay-type":"","overlay-color":"","overlay-gradient":""}},"ast-content-background-meta":{"desktop":{"background-color":"var(--ast-global-color-5)","background-image":"","background-repeat":"repeat","background-position":"center center","background-size":"auto","background-attachment":"scroll","background-type":"","background-media":"","overlay-type":"","overlay-color":"","overlay-gradient":""},"tablet":{"background-color":"var(--ast-global-color-5)","background-image":"","background-repeat":"repeat","background-position":"center center","background-size":"auto","background-attachment":"scroll","background-type":"","background-media":"","overlay-type":"","overlay-color":"","overlay-gradient":""},"mobile":{"background-color":"var(--ast-global-color-5)","background-image":"","background-repeat":"repeat","background-position":"center center","background-size":"auto","background-attachment":"scroll","background-type":"","background-media":"","overlay-type":"","overlay-color":"","overlay-gradient":""}},"footnotes":""},"uagb_featured_image_src":{"full":false,"thumbnail":false,"medium":false,"medium_large":false,"large":false,"1536x1536":false,"2048x2048":false},"uagb_author_info":{"display_name":"Alfredo.castillo","author_link":"https:\/\/grupoenergycas.com\/index.php\/author\/alfredo-castillo\/"},"uagb_comment_info":0,"uagb_excerpt":"Empresa l\u00edder en producci\u00f3n de postes de madera curados y con la mejor garant\u00eda en honduras. \u200b Servicios\u200b","_links":{"self":[{"href":"https:\/\/grupoenergycas.com\/index.php\/wp-json\/wp\/v2\/pages\/960"}],"collection":[{"href":"https:\/\/grupoenergycas.com\/index.php\/wp-json\/wp\/v2\/pages"}],"about":[{"href":"https:\/\/grupoenergycas.com\/index.php\/wp-json\/wp\/v2\/types\/page"}],"author":[{"embeddable":true,"href":"https:\/\/grupoenergycas.com\/index.php\/wp-json\/wp\/v2\/users\/1"}],"replies":[{"embeddable":true,"href":"https:\/\/grupoenergycas.com\/index.php\/wp-json\/wp\/v2\/comments?post=960"}],"version-history":[{"count":10,"href":"https:\/\/grupoenergycas.com\/index.php\/wp-json\/wp\/v2\/pages\/960\/revisions"}],"predecessor-version":[{"id":1600,"href":"https:\/\/grupoenergycas.com\/index.php\/wp-json\/wp\/v2\/pages\/960\/revisions\/1600"}],"wp:attachment":[{"href":"https:\/\/grupoenergycas.com\/index.php\/wp-json\/wp\/v2\/media?parent=960"}],"curies":[{"name":"wp","href":"https:\/\/api.w.org\/{rel}","templated":true}]}}